{"id":2755,"date":"2024-07-24T15:41:17","date_gmt":"2024-07-24T19:41:17","guid":{"rendered":"https:\/\/troydualam.bluehat.hosting\/contact-us\/"},"modified":"2025-09-22T14:57:09","modified_gmt":"2025-09-22T18:57:09","slug":"contact-us","status":"publish","type":"page","link":"https:\/\/troydualam.com\/fr\/contact-us\/","title":{"rendered":"Contacter Troy Dualam"},"content":{"rendered":"\t\t<div data-elementor-type=\"wp-page\" data-elementor-id=\"2755\" class=\"elementor elementor-2755 elementor-2152\" data-elementor-post-type=\"page\">\n\t\t\t\t<div class=\"elementor-element elementor-element-0d3afeb e-con-full e-flex e-con e-parent\" data-id=\"0d3afeb\" data-element_type=\"container\">\n\t\t\t\t<div class=\"elementor-element elementor-element-438c768 elementor-widget elementor-widget-text-editor\" data-id=\"438c768\" data-element_type=\"widget\" data-widget_type=\"text-editor.default\">\n\t\t\t\t<div class=\"elementor-widget-container\">\n\t\t\t\t\t\t\t\t\t<p><strong>Contactez Troy Dualam pour tous vos \u00e9quipements FRP (plastique renforc\u00e9 de fibre de verre) et Dualam (FRP doubl\u00e9s de thermoplastique) r\u00e9sistants \u00e0 la corrosion.<\/strong><\/p>\t\t\t\t\t\t\t\t<\/div>\n\t\t\t\t<\/div>\n\t\t\t\t<div class=\"elementor-element elementor-element-4eaf110 elementor-widget elementor-widget-theme-cta-thre\" data-id=\"4eaf110\" data-element_type=\"widget\" data-widget_type=\"theme-cta-thre.default\">\n\t\t\t\t<div class=\"elementor-widget-container\">\n\t\t\t\t\t\r\n            <section class=\"contact-area pt-120\">\r\n                <div class=\"container\">\r\n\r\n    <div class=\"contact-info-wrap\">\r\n        <div class=\"row justify-content-center\">\r\n            <div class=\"col-lg-4 col-md-6\">\r\n                <div class=\"contact-info-item\">\r\n                    <div class=\"icon\">\r\n                        <i class=\"fas fa-mobile-alt\"><\/i>\r\n                    <\/div>\r\n                    <div class=\"content\">\r\n                        <h4 class=\"title\">T\u00e9l\u00e9phone<\/h4>\r\n                        <p><a href=\"tel:613-345-1306\">613-345-1306<\/a> <br> <a href=\"tel:\"><\/a><\/p>\r\n                    <\/div>\r\n                <\/div>\r\n            <\/div>\r\n            <div class=\"col-lg-4 col-md-6\">\r\n                <div class=\"contact-info-item\">\r\n                    <div class=\"icon\">\r\n                        <i class=\"fas fa-envelope-open-text\"><\/i>\r\n                    <\/div>\r\n                    <div class=\"content\">\r\n                        <h4 class=\"title\">E-mail<\/h4>\r\n                        <p><a href=\"mailto:info@troydualam.com\">info@troydualam.com<\/a> <br> <a href=\"mailto:sales@troydualam.com\">sales@troydualam.com<\/a><\/p>\r\n                    <\/div>\r\n                <\/div>\r\n            <\/div>\r\n            <div class=\"col-lg-4 col-md-6\">\r\n                <div class=\"contact-info-item\">\r\n                    <div class=\"icon\">\r\n                        <i class=\"fas fa-map-marker-alt\"><\/i>\r\n                    <\/div>\r\n                    <div class=\"content\">\r\n                        <h4 class=\"title\">Adresse<\/h4>\r\n                        <p>4513 Ferguson Drive Elizabethtown Industrial Park Brockville, ON K6T-1A9 Canada.<\/p>\r\n                    <\/div>\r\n                <\/div>\r\n            <\/div>\r\n        <\/div>\r\n    <\/div>\r\n\r\n<\/div>\r\n\r\n<\/section>\r\n\r\n\r\n\r\n\t\t\t\t\t<\/div>\n\t\t\t\t<\/div>\n\t\t\t\t<\/div>\n\t\t<div class=\"elementor-element elementor-element-d85e572 e-flex e-con-boxed e-con e-parent\" data-id=\"d85e572\" data-element_type=\"container\">\n\t\t\t\t\t<div class=\"e-con-inner\">\n\t\t<div class=\"elementor-element elementor-element-cf90e97 e-con-full e-flex e-con e-child\" data-id=\"cf90e97\" data-element_type=\"container\">\n\t\t\t\t<div class=\"elementor-element elementor-element-e8e9f18 elementor-widget elementor-widget-google_maps\" data-id=\"e8e9f18\" data-element_type=\"widget\" data-widget_type=\"google_maps.default\">\n\t\t\t\t<div class=\"elementor-widget-container\">\n\t\t\t\t\t\t\t<div class=\"elementor-custom-embed\">\n\t\t\t<iframe loading=\"lazy\"\n\t\t\t\t\tsrc=\"https:\/\/maps.google.com\/maps?q=4513%20Ferguson%20Dr%2C%20Brockville%2C%20ON%20K6T%201A9%2C%20Canada&#038;t=m&#038;z=10&#038;output=embed&#038;iwloc=near\"\n\t\t\t\t\ttitle=\"4513 Ferguson Dr, Brockville, ON K6T 1A9, Canada\"\n\t\t\t\t\taria-label=\"4513 Ferguson Dr, Brockville, ON K6T 1A9, Canada\"\n\t\t\t><\/iframe>\n\t\t<\/div>\n\t\t\t\t\t\t<\/div>\n\t\t\t\t<\/div>\n\t\t\t\t<\/div>\n\t\t<div class=\"elementor-element elementor-element-d7e93b8 e-con-full e-flex e-con e-child\" data-id=\"d7e93b8\" data-element_type=\"container\">\n\t\t\t\t<div class=\"elementor-element elementor-element-6f845f9 elementor-widget elementor-widget-shortcode\" data-id=\"6f845f9\" data-element_type=\"widget\" data-widget_type=\"shortcode.default\">\n\t\t\t\t<div class=\"elementor-widget-container\">\n\t\t\t\t\t\t\t<div class=\"elementor-shortcode\">\n<div class=\"wpcf7 no-js\" id=\"wpcf7-f3936-o1\" lang=\"fr-FR\" dir=\"ltr\" data-wpcf7-id=\"3936\">\n<div class=\"screen-reader-response\"><p role=\"status\" aria-live=\"polite\" aria-atomic=\"true\"><\/p> <ul><\/ul><\/div>\n<form action=\"\/fr\/wp-json\/wp\/v2\/pages\/2755#wpcf7-f3936-o1\" method=\"post\" class=\"wpcf7-form init\" aria-label=\"Formulaire de contact\" novalidate=\"novalidate\" data-status=\"init\">\n<fieldset class=\"hidden-fields-container\"><input type=\"hidden\" name=\"_wpcf7\" value=\"3936\" \/><input type=\"hidden\" name=\"_wpcf7_version\" value=\"6.1.3\" \/><input type=\"hidden\" name=\"_wpcf7_locale\" value=\"fr_FR\" \/><input type=\"hidden\" name=\"_wpcf7_unit_tag\" value=\"wpcf7-f3936-o1\" \/><input type=\"hidden\" name=\"_wpcf7_container_post\" value=\"0\" \/><input type=\"hidden\" name=\"_wpcf7_posted_data_hash\" value=\"\" \/><input type=\"hidden\" name=\"_wpcf7_recaptcha_response\" value=\"\" \/>\n<\/fieldset>\n<div class=\"contact-form-wrap\">\n\t<h2 class=\"title\">Contact pour les services\n\t<\/h2>\n\t<div class=\"row\">\n\t\t<div class=\"col-md-6\">\n\t\t\t<div class=\"form-grp\">\n\t\t\t\t<p><span class=\"wpcf7-form-control-wrap\" data-name=\"text-482\"><input size=\"40\" maxlength=\"400\" class=\"wpcf7-form-control wpcf7-text wpcf7-validates-as-required fname\" aria-required=\"true\" aria-invalid=\"false\" placeholder=\"Votre nom\" value=\"\" type=\"text\" name=\"text-482\" \/><\/span>\n\t\t\t\t<\/p>\n\t\t\t<\/div>\n\t\t<\/div>\n\t\t<div class=\"col-md-6\">\n\t\t\t<div class=\"form-grp\">\n\t\t\t\t<p><span class=\"wpcf7-form-control-wrap\" data-name=\"email-419\"><input size=\"40\" maxlength=\"400\" class=\"wpcf7-form-control wpcf7-email wpcf7-validates-as-required wpcf7-text wpcf7-validates-as-email fname\" aria-required=\"true\" aria-invalid=\"false\" placeholder=\"Adresse email\" value=\"\" type=\"email\" name=\"email-419\" \/><\/span>\n\t\t\t\t<\/p>\n\t\t\t<\/div>\n\t\t<\/div>\n\t\t<div class=\"col-md-6\">\n\t\t\t<div class=\"form-grp\">\n\t\t\t\t<p><span class=\"wpcf7-form-control-wrap\" data-name=\"tel-704\"><input size=\"40\" maxlength=\"400\" class=\"wpcf7-form-control wpcf7-tel wpcf7-validates-as-required wpcf7-text wpcf7-validates-as-tel fname\" aria-required=\"true\" aria-invalid=\"false\" placeholder=\"Num\u00e9ro de t\u00e9l\u00e9phone\" value=\"\" type=\"tel\" name=\"tel-704\" \/><\/span>\n\t\t\t\t<\/p>\n\t\t\t<\/div>\n\t\t<\/div>\n\t\t<div class=\"col-md-6\">\n\t\t\t<div class=\"form-grp\">\n\t\t\t\t<p><span class=\"wpcf7-form-control-wrap\" data-name=\"text-483\"><input size=\"40\" maxlength=\"400\" class=\"wpcf7-form-control wpcf7-text wpcf7-validates-as-required fname\" aria-required=\"true\" aria-invalid=\"false\" placeholder=\"Sujet\" value=\"\" type=\"text\" name=\"text-483\" \/><\/span>\n\t\t\t\t<\/p>\n\t\t\t<\/div>\n\t\t<\/div>\n\t<\/div>\n\t<div class=\"form-grp\">\n\t\t<p><span class=\"wpcf7-form-control-wrap\" data-name=\"textarea-22\"><textarea cols=\"40\" rows=\"10\" maxlength=\"2000\" class=\"wpcf7-form-control wpcf7-textarea wpcf7-validates-as-required ftext\" aria-required=\"true\" aria-invalid=\"false\" placeholder=\"\u00c9crire un message\" name=\"textarea-22\"><\/textarea><\/span>\n\t\t<\/p>\n\t<\/div>\n\t<p><button type=\"submit\" class=\"btn\">Envoyer un message<\/button>\n\t<\/p>\n<\/div><p style=\"display: none !important;\" class=\"akismet-fields-container\" data-prefix=\"_wpcf7_ak_\"><label>&#916;<textarea name=\"_wpcf7_ak_hp_textarea\" cols=\"45\" rows=\"8\" maxlength=\"100\"><\/textarea><\/label><input type=\"hidden\" id=\"ak_js_1\" name=\"_wpcf7_ak_js\" value=\"7\"\/><script>document.getElementById( \"ak_js_1\" ).setAttribute( \"value\", ( new Date() ).getTime() );<\/script><\/p><div class=\"wpcf7-response-output\" aria-hidden=\"true\"><\/div>\n<\/form>\n<\/div>\n<\/div>\n\t\t\t\t\t\t<\/div>\n\t\t\t\t<\/div>\n\t\t\t\t<\/div>\n\t\t\t\t\t<\/div>\n\t\t\t\t<\/div>\n\t\t<div class=\"elementor-element elementor-element-e5cea6c e-flex e-con-boxed e-con e-parent\" data-id=\"e5cea6c\" data-element_type=\"container\" data-settings=\"{&quot;background_background&quot;:&quot;classic&quot;}\">\n\t\t\t\t\t<div class=\"e-con-inner\">\n\t\t<div class=\"elementor-element elementor-element-a448ac0 e-flex e-con-boxed e-con e-child\" data-id=\"a448ac0\" data-element_type=\"container\">\n\t\t\t\t\t<div class=\"e-con-inner\">\n\t\t\t\t<div class=\"elementor-element elementor-element-448a149 elementor-widget elementor-widget-heading\" data-id=\"448a149\" data-element_type=\"widget\" data-widget_type=\"heading.default\">\n\t\t\t\t<div class=\"elementor-widget-container\">\n\t\t\t\t\t<h2 class=\"elementor-heading-title elementor-size-default\">Distribution mondiale<\/h2>\t\t\t\t<\/div>\n\t\t\t\t<\/div>\n\t\t\t\t<div class=\"elementor-element elementor-element-5687f29 elementor-widget elementor-widget-text-editor\" data-id=\"5687f29\" data-element_type=\"widget\" data-widget_type=\"text-editor.default\">\n\t\t\t\t<div class=\"elementor-widget-container\">\n\t\t\t\t\t\t\t\t\t<p>L\u2019un des principaux fabricants d\u2019\u00e9quipements en FIBRE DE VERRE ET COMPOSITE DOUBLE LAMIN\u00c9 en Am\u00e9rique du Nord.<\/p><p>Notre usine de fabrication est situ\u00e9e dans le magnifique sud-est de l\u2019Ontario.<\/p><p>Nous sommes \u00e0 proximit\u00e9 de 2 postes frontaliers internationaux et de la Voie maritime du Saint-Laurent pour les exp\u00e9ditions outre-mer.<br \/>Nous sommes tr\u00e8s ambulatoires et pouvons d\u00e9ployer des \u00e9quipes de terrain l\u00e0 o\u00f9 nous en avons besoin.<\/p>\t\t\t\t\t\t\t\t<\/div>\n\t\t\t\t<\/div>\n\t\t\t\t\t<\/div>\n\t\t\t\t<\/div>\n\t\t<div class=\"elementor-element elementor-element-b5d6356 e-flex e-con-boxed e-con e-child\" data-id=\"b5d6356\" data-element_type=\"container\">\n\t\t\t\t\t<div class=\"e-con-inner\">\n\t\t\t\t<div class=\"elementor-element elementor-element-49b325d elementor-widget elementor-widget-image\" data-id=\"49b325d\" data-element_type=\"widget\" data-widget_type=\"image.default\">\n\t\t\t\t<div class=\"elementor-widget-container\">\n\t\t\t\t\t\t\t\t\t\t\t\t\t\t\t<img fetchpriority=\"high\" decoding=\"async\" width=\"600\" height=\"337\" src=\"https:\/\/troydualam.com\/wp-content\/uploads\/2024\/07\/plant2017.jpg\" class=\"attachment-large size-large wp-image-2738\" alt=\"Troy Dualam Plant\" srcset=\"https:\/\/troydualam.com\/wp-content\/uploads\/2024\/07\/plant2017.jpg 600w, https:\/\/troydualam.com\/wp-content\/uploads\/2024\/07\/plant2017-300x169.jpg 300w\" sizes=\"(max-width: 600px) 100vw, 600px\" \/>\t\t\t\t\t\t\t\t\t\t\t\t\t\t\t<\/div>\n\t\t\t\t<\/div>\n\t\t\t\t\t<\/div>\n\t\t\t\t<\/div>\n\t\t\t\t\t<\/div>\n\t\t\t\t<\/div>\n\t\t\t\t<\/div>\n\t\t","protected":false},"excerpt":{"rendered":"<p>Contactez Troy Dualam pour tous vos \u00e9quipements FRP (plastique renforc\u00e9 de fibre de verre) et Dualam (FRP doubl\u00e9s de thermoplastique) r\u00e9sistants \u00e0 la corrosion. T\u00e9l\u00e9phone 613-345-1306 E-mail info@troydualam.com sales@troydualam.com Adresse 4513 Ferguson Drive Elizabethtown Industrial Park Brockville, ON K6T-1A9 Canada. Distribution mondiale L\u2019un des principaux fabricants d\u2019\u00e9quipements en FIBRE DE VERRE ET COMPOSITE DOUBLE LAMIN\u00c9 [&hellip;]<\/p>\n","protected":false},"author":3,"featured_media":0,"parent":0,"menu_order":0,"comment_status":"closed","ping_status":"closed","template":"","meta":{"footnotes":""},"class_list":["post-2755","page","type-page","status-publish","hentry"],"_links":{"self":[{"href":"https:\/\/troydualam.com\/fr\/wp-json\/wp\/v2\/pages\/2755","targetHints":{"allow":["GET"]}}],"collection":[{"href":"https:\/\/troydualam.com\/fr\/wp-json\/wp\/v2\/pages"}],"about":[{"href":"https:\/\/troydualam.com\/fr\/wp-json\/wp\/v2\/types\/page"}],"author":[{"embeddable":true,"href":"https:\/\/troydualam.com\/fr\/wp-json\/wp\/v2\/users\/3"}],"replies":[{"embeddable":true,"href":"https:\/\/troydualam.com\/fr\/wp-json\/wp\/v2\/comments?post=2755"}],"version-history":[{"count":25,"href":"https:\/\/troydualam.com\/fr\/wp-json\/wp\/v2\/pages\/2755\/revisions"}],"predecessor-version":[{"id":4948,"href":"https:\/\/troydualam.com\/fr\/wp-json\/wp\/v2\/pages\/2755\/revisions\/4948"}],"wp:attachment":[{"href":"https:\/\/troydualam.com\/fr\/wp-json\/wp\/v2\/media?parent=2755"}],"curies":[{"name":"wp","href":"https:\/\/api.w.org\/{rel}","templated":true}]}}