{"id":3225,"date":"2024-07-25T15:22:08","date_gmt":"2024-07-25T19:22:08","guid":{"rendered":"https:\/\/troydualam.bluehat.hosting\/careers\/"},"modified":"2024-09-12T11:46:39","modified_gmt":"2024-09-12T15:46:39","slug":"careers","status":"publish","type":"page","link":"https:\/\/troydualam.com\/es\/careers\/","title":{"rendered":"Carreras"},"content":{"rendered":"\t\t<div data-elementor-type=\"wp-page\" data-elementor-id=\"3225\" class=\"elementor elementor-3225 elementor-2367\" data-elementor-post-type=\"page\">\n\t\t\t\t<div class=\"elementor-element elementor-element-47fbe57 e-flex e-con-boxed e-con e-parent\" data-id=\"47fbe57\" data-element_type=\"container\">\n\t\t\t\t\t<div class=\"e-con-inner\">\n\t\t<div class=\"elementor-element elementor-element-6a571a9 e-flex e-con-boxed e-con e-child\" data-id=\"6a571a9\" data-element_type=\"container\">\n\t\t\t\t\t<div class=\"e-con-inner\">\n\t\t\t\t<div class=\"elementor-element elementor-element-d4cea33 elementor-widget elementor-widget-heading\" data-id=\"d4cea33\" data-element_type=\"widget\" data-widget_type=\"heading.default\">\n\t\t\t\t<div class=\"elementor-widget-container\">\n\t\t\t\t\t<h5 class=\"elementor-heading-title elementor-size-default\">CARRERAS<\/h5>\t\t\t\t<\/div>\n\t\t\t\t<\/div>\n\t\t\t\t<div class=\"elementor-element elementor-element-ca01e03 elementor-widget elementor-widget-heading\" data-id=\"ca01e03\" data-element_type=\"widget\" data-widget_type=\"heading.default\">\n\t\t\t\t<div class=\"elementor-widget-container\">\n\t\t\t\t\t<h2 class=\"elementor-heading-title elementor-size-default\">Posiciones actualmente disponibles en Troy Dualam Inc.<\/h2>\t\t\t\t<\/div>\n\t\t\t\t<\/div>\n\t\t\t\t<div class=\"elementor-element elementor-element-5006429 elementor-widget-divider--view-line elementor-widget elementor-widget-divider\" data-id=\"5006429\" data-element_type=\"widget\" data-widget_type=\"divider.default\">\n\t\t\t\t<div class=\"elementor-widget-container\">\n\t\t\t\t\t\t\t<div class=\"elementor-divider\">\n\t\t\t<span class=\"elementor-divider-separator\">\n\t\t\t\t\t\t<\/span>\n\t\t<\/div>\n\t\t\t\t\t\t<\/div>\n\t\t\t\t<\/div>\n\t\t\t\t<div class=\"elementor-element elementor-element-a2e59a6 elementor-widget elementor-widget-text-editor\" data-id=\"a2e59a6\" data-element_type=\"widget\" data-widget_type=\"text-editor.default\">\n\t\t\t\t<div class=\"elementor-widget-container\">\n\t\t\t\t\t\t\t\t\t<p>Troy Dualam Inc. actualmente no tiene ninguna posici\u00f3n vacante disponible. Publicaremos vacantes a medida que est\u00e9n disponibles en nuestro sitio web. Para obtener m\u00e1s informaci\u00f3n, ll\u00e1menos al 613-345-1306 o env\u00ede un correo electr\u00f3nico a <a href=\"mailto:rachad@troydualam.com\">rachad@troydualam.com<\/a><\/p>\t\t\t\t\t\t\t\t<\/div>\n\t\t\t\t<\/div>\n\t\t\t\t\t<\/div>\n\t\t\t\t<\/div>\n\t\t<div class=\"elementor-element elementor-element-b911071 e-flex e-con-boxed e-con e-child\" data-id=\"b911071\" data-element_type=\"container\">\n\t\t\t\t\t<div class=\"e-con-inner\">\n\t\t\t\t<div class=\"elementor-element elementor-element-098dd8b elementor-widget elementor-widget-image\" data-id=\"098dd8b\" data-element_type=\"widget\" data-widget_type=\"image.default\">\n\t\t\t\t<div class=\"elementor-widget-container\">\n\t\t\t\t\t\t\t\t\t\t\t\t\t\t\t<img fetchpriority=\"high\" decoding=\"async\" width=\"500\" height=\"321\" src=\"https:\/\/troydualam.com\/wp-content\/uploads\/2024\/07\/Troy-Dualam-Team-1-1.jpg\" class=\"attachment-full size-full wp-image-2964\" alt=\"Troy Dualam Team\" srcset=\"https:\/\/troydualam.com\/wp-content\/uploads\/2024\/07\/Troy-Dualam-Team-1-1.jpg 500w, https:\/\/troydualam.com\/wp-content\/uploads\/2024\/07\/Troy-Dualam-Team-1-1-300x193.jpg 300w\" sizes=\"(max-width: 500px) 100vw, 500px\" \/>\t\t\t\t\t\t\t\t\t\t\t\t\t\t\t<\/div>\n\t\t\t\t<\/div>\n\t\t\t\t\t<\/div>\n\t\t\t\t<\/div>\n\t\t\t\t\t<\/div>\n\t\t\t\t<\/div>\n\t\t<div class=\"elementor-element elementor-element-63378f1 e-con-full e-flex e-con e-parent\" data-id=\"63378f1\" data-element_type=\"container\" data-settings=\"{&quot;background_background&quot;:&quot;classic&quot;}\">\n\t\t\t\t<div class=\"elementor-element elementor-element-2168f0d elementor-widget elementor-widget-theme-team-sec\" data-id=\"2168f0d\" data-element_type=\"widget\" data-widget_type=\"theme-team-sec.default\">\n\t\t\t\t<div class=\"elementor-widget-container\">\n\t\t\t\t\t\r\n\r\n            <!-- area-bg -->\r\n            <div class=\"area-bg\">\r\n                <div class=\"area-bg-inner\" data-background=\"https:\/\/troydualam.com\/wp-content\/uploads\/2024\/07\/IMG_2044.jpg\"><\/div>\r\n\r\n                <!-- team-area -->\r\n                <section class=\"team-area cutom-team-one-wrap pb-80\" data-animation=\"animationContainer\">\r\n                    <div class=\"container\">\r\n                        <div class=\"row justify-content-center\">\r\n                            <div class=\"col-lg-6\">\r\n                                <div class=\"section-title text-center mb-50\">\r\n                                    <span class=\"sub-title\">\r\n                                        <strong class=\"left-shape\">\r\n                                            <svg xmlns=\"http:\/\/www.w3.org\/2000\/svg\" width=\"39\" height=\"18\" viewBox=\"0 0 39 18\" fill=\"none\">\r\n                                                <path d=\"M39 0V3.5H2.6L0 0H39Z\" fill=\"currentcolor\" \/>\r\n                                                <path d=\"M39 7.20001V10.7H8.00002L5.40002 7.20001H39Z\" fill=\"currentcolor\" \/>\r\n                                                <path d=\"M39 14.4V17.9H13.5L10.9 14.4H39Z\" fill=\"currentcolor\" \/>\r\n                                            <\/svg>\r\n                                        <\/strong>\r\n                                        CARRERAS                                        <strong class=\"right-shape\">\r\n                                            <svg xmlns=\"http:\/\/www.w3.org\/2000\/svg\" width=\"39\" height=\"18\" viewBox=\"0 0 39 18\" fill=\"none\">\r\n                                                <path d=\"M0 0V3.5H36.4L39 0H0Z\" fill=\"currentcolor\" \/>\r\n                                                <path d=\"M0 7.20001V10.7H31L33.6 7.20001H0Z\" fill=\"currentcolor\" \/>\r\n                                                <path d=\"M0 14.4V17.9H25.5L28.2 14.4H0Z\" fill=\"currentcolor\" \/>\r\n                                            <\/svg>\r\n                                        <\/strong>\r\n                                    <\/span>\r\n                                    <h2 class=\"title\" data-splitting=\"chars\" data-animation=\"innerAnimated\">NUESTRAS OPORTUNIDADES LABORALES<\/h2>\r\n                                <\/div>\r\n                            <\/div>\r\n                        <\/div>\r\n                        <div class=\"row justify-content-center\">\r\n\r\n\r\n                            \r\n                            <div class=\"col-lg-4 col-md-6 col-sm-8\">\r\n                                <div class=\"team-item\">\r\n                                    <div class=\"team-thumb\">\r\n                                        <img decoding=\"async\" src=\"https:\/\/troydualam.com\/wp-content\/uploads\/2023\/09\/blog5.jpg\" alt=\"\">\r\n                                        <div class=\"team-social\">\r\n                                            <ul class=\"list-wrap\">\r\n                                                <li><a href=\"#\"><i class=\"fab fa-instagram\"><\/i><\/a><\/li>\r\n                                                <li><a href=\"#\"><i class=\"fab fa-linkedin-in\"><\/i><\/a><\/li>\r\n                                                <li><a href=\"#\"><i class=\"fab fa-twitter\"><\/i><\/a><\/li>\r\n                                                <li><a href=\"#\"><i class=\"fab fa-facebook-f\"><\/i><\/a><\/li>\r\n                                            <\/ul>\r\n                                        <\/div>\r\n                                    <\/div>\r\n                                    <div class=\"team-content\">\r\n                                        <h4 class=\"title\"><a href=\"\/es\/business-development-manager\/\">Gerente de Desarrollo de Negocios<\/a><\/h4>\r\n                                        <span><\/span>\r\n                                    <\/div>\r\n                                <\/div>\r\n                            <\/div>\r\n\r\n                        \r\n\r\n                        <\/div>\r\n                    <\/div>\r\n                <\/section>\r\n                <!-- team-area-end -->\r\n\r\n                <!-- counter-area -->\r\n                <section class=\"counter-area pb-90\">\r\n                    <div class=\"container\">\r\n                        <div class=\"row justify-content-center\">\r\n\r\n\r\n                            <div class=\"col-lg-3 col-md-4 col-sm-6\">\r\n                                <div class=\"counter-item\">\r\n                                    <div class=\"counter-icon\">\r\n                                        <svg xmlns=\"http:\/\/www.w3.org\/2000\/svg\" viewBox=\"0 0 65 65\" fill=\"none\">\r\n                                            <path d=\"M32.5 40.6248C42.5965 40.6248 50.7812 32.7432 50.7812 23.0207C50.7812 13.2982 42.5965 5.4165 32.5 5.4165C22.4035 5.4165 14.2188 13.2982 14.2188 23.0207C14.2188 32.7432 22.4035 40.6248 32.5 40.6248Z\" stroke=\"currentcolor\" stroke-width=\"3\" stroke-linecap=\"round\" stroke-linejoin=\"round\" \/>\r\n                                            <path d=\"M20.3666 36.6164L20.3396 56.6039C20.3396 59.0414 22.0459 60.2331 24.1584 59.231L31.4167 55.7914C32.0125 55.4935 33.0146 55.4935 33.6104 55.7914L40.8958 59.231C42.9813 60.206 44.7146 59.0414 44.7146 56.6039V36.1289\" stroke=\"currentcolor\" stroke-width=\"3\" stroke-linecap=\"round\" stroke-linejoin=\"round\" \/>\r\n                                        <\/svg>\r\n                                    <\/div>\r\n                                    <div class=\"counter-content\">\r\n                                        <h2 class=\"count\">1500+<\/h2>\r\n                                        <p>Satisfied Clients<\/p>\r\n                                    <\/div>\r\n                                <\/div>\r\n                            <\/div>\r\n\r\n                            <div class=\"col-lg-3 col-md-4 col-sm-6\">\r\n                                <div class=\"counter-item\">\r\n                                    <div class=\"counter-icon\">\r\n                                        <svg xmlns=\"http:\/\/www.w3.org\/2000\/svg\" viewBox=\"0 0 54 54\" fill=\"none\">\r\n                                            <path d=\"M33.4999 28.4495V35.2744C33.4999 40.9744 31.2249 43.2494 25.5249 43.2494H18.725C13.05 43.2494 10.75 40.9744 10.75 35.2744V28.4495C10.75 22.7745 13.025 20.4995 18.725 20.4995H25.5499C31.2249 20.4995 33.4999 22.7745 33.4999 28.4495Z\" stroke=\"currentcolor\" stroke-width=\"3\" stroke-linecap=\"round\" stroke-linejoin=\"round\"\/>\r\n                                            <path d=\"M43.2498 18.6995V25.5244C43.2498 31.2244 40.9748 33.4994 35.2748 33.4994H33.4998V28.4494C33.4998 22.7744 31.2248 20.4995 25.5249 20.4995H20.4999V18.6995C20.4999 12.9995 22.7749 10.7495 28.4748 10.7495H35.2998C40.9748 10.7495 43.2498 13.0245 43.2498 18.6995Z\" stroke=\"currentcolor\" stroke-width=\"3\" stroke-linecap=\"round\" stroke-linejoin=\"round\"\/>\r\n                                            <path d=\"M51.9998 34.5005C51.9998 44.1754 44.1748 52.0004 34.4999 52.0004L37.1249 47.6254\" stroke=\"currentcolor\" stroke-width=\"3\" stroke-linecap=\"round\" stroke-linejoin=\"round\"\/>\r\n                                            <path d=\"M2 19.4999C2 9.82496 9.82496 2 19.4999 2L16.8749 6.37498\" stroke=\"currentcolor\" stroke-width=\"3\" stroke-linecap=\"round\" stroke-linejoin=\"round\"\/>\r\n                                        <\/svg>\r\n                                    <\/div>\r\n                                    <div class=\"counter-content\">\r\n                                        <h2 class=\"count\">175+<\/h2>\r\n                                        <p>Active Project<\/p>\r\n                                    <\/div>\r\n                                <\/div>\r\n                            <\/div>\r\n\r\n                            <div class=\"col-lg-3 col-md-4 col-sm-6\">\r\n                                <div class=\"counter-item\">\r\n                                    <div class=\"counter-icon\">\r\n                                        <svg xmlns=\"http:\/\/www.w3.org\/2000\/svg\" viewBox=\"0 0 49 49\" fill=\"none\">\r\n                                            <path fill-rule=\"evenodd\" clip-rule=\"evenodd\" d=\"M8.125 1.35417C8.125 0.995019 8.26767 0.650582 8.52163 0.396626C8.77558 0.142671 9.12002 0 9.47917 0H39.2708C39.63 0 39.9744 0.142671 40.2284 0.396626C40.4823 0.650582 40.625 0.995019 40.625 1.35417V2.70833H47.3958C47.755 2.70833 48.0994 2.851 48.3534 3.10496C48.6073 3.35892 48.75 3.70335 48.75 4.0625V12.1875C48.75 13.9832 48.0366 15.7054 46.7669 16.9752C45.4971 18.245 43.7749 18.9583 41.9792 18.9583H39.7001C37.6133 24.8625 32.2116 29.2012 25.7292 29.7361V37.9167H35.2083C35.5675 37.9167 35.9119 38.0593 36.1659 38.3133C36.4198 38.5672 36.5625 38.9117 36.5625 39.2708V47.3958C36.5625 47.755 36.4198 48.0994 36.1659 48.3534C35.9119 48.6073 35.5675 48.75 35.2083 48.75H13.5417C13.1825 48.75 12.8381 48.6073 12.5841 48.3534C12.3302 48.0994 12.1875 47.755 12.1875 47.3958V39.2708C12.1875 38.9117 12.3302 38.5672 12.5841 38.3133C12.8381 38.0593 13.1825 37.9167 13.5417 37.9167H23.0208V29.7361C16.5398 29.2012 11.1367 24.8625 9.0499 18.9583H6.77083C4.9751 18.9583 3.25291 18.245 1.98313 16.9752C0.713354 15.7054 0 13.9832 0 12.1875V4.0625C0 3.70335 0.142671 3.35892 0.396626 3.10496C0.650582 2.851 0.995019 2.70833 1.35417 2.70833H8.125V1.35417ZM37.9167 13.5417V2.70833H10.8333V13.5417C10.8333 21.0207 16.8959 27.0833 24.375 27.0833C31.8541 27.0833 37.9167 21.0207 37.9167 13.5417ZM40.625 5.41667V16.25H41.9792C43.0566 16.25 44.0899 15.822 44.8518 15.0601C45.6137 14.2983 46.0417 13.2649 46.0417 12.1875V5.41667H40.625ZM2.70833 5.41667H8.125V16.25H6.77083C5.69339 16.25 4.66008 15.822 3.89821 15.0601C3.13634 14.2983 2.70833 13.2649 2.70833 12.1875V5.41667ZM14.8958 40.625V46.0417H33.8542V40.625H14.8958Z\" fill=\"currentcolor\"\/>\r\n                                        <\/svg>\r\n                                    <\/div>\r\n                                    <div class=\"counter-content\">\r\n                                        <h2 class=\"count\">28+<\/h2>\r\n                                        <p>Winning Award<\/p>\r\n                                    <\/div>\r\n                                <\/div>\r\n                            <\/div>\r\n\r\n                            <div class=\"col-lg-3 col-md-4 col-sm-6\">\r\n                                <div class=\"counter-item\">\r\n                                    <div class=\"counter-icon\">\r\n                                        <svg xmlns=\"http:\/\/www.w3.org\/2000\/svg\" viewBox=\"0 0 60 60\" fill=\"none\">\r\n                                            <path d=\"M44.9999 17.9C44.8499 17.875 44.675 17.875 44.525 17.9C41.075 17.775 38.325 14.95 38.325 11.45C38.325 7.875 41.1999 5 44.7749 5C48.3499 5 51.2249 7.9 51.2249 11.45C51.1999 14.95 48.4499 17.775 44.9999 17.9Z\" stroke=\"currentcolor\" stroke-width=\"3\" stroke-linecap=\"round\" stroke-linejoin=\"round\"\/>\r\n                                            <path d=\"M42.4249 36.0999C45.8499 36.6749 49.6249 36.0749 52.2749 34.2999C55.7999 31.9499 55.7999 28.0999 52.2749 25.7499C49.5999 23.9749 45.7749 23.3749 42.3499 23.9749\" stroke=\"currentcolor\" stroke-width=\"3\" stroke-linecap=\"round\" stroke-linejoin=\"round\"\/>\r\n                                            <path d=\"M14.9247 17.9C15.0747 17.875 15.2497 17.875 15.3997 17.9C18.8497 17.775 21.5997 14.95 21.5997 11.45C21.5997 7.875 18.7247 5 15.1497 5C11.5747 5 8.69971 7.9 8.69971 11.45C8.72471 14.95 11.4747 17.775 14.9247 17.9Z\" stroke=\"currentcolor\" stroke-width=\"3\" stroke-linecap=\"round\" stroke-linejoin=\"round\"\/>\r\n                                            <path d=\"M17.4998 36.0999C14.0748 36.6749 10.2999 36.0749 7.64985 34.2999C4.12485 31.9499 4.12485 28.0999 7.64985 25.7499C10.3249 23.9749 14.1498 23.3749 17.5748 23.9749\" stroke=\"currentcolor\" stroke-width=\"3\" stroke-linecap=\"round\" stroke-linejoin=\"round\"\/>\r\n                                            <path d=\"M29.9997 36.5748C29.8497 36.5498 29.6747 36.5498 29.5247 36.5748C26.0747 36.4498 23.3247 33.6248 23.3247 30.1248C23.3247 26.5498 26.1997 23.6748 29.7747 23.6748C33.3497 23.6748 36.2247 26.5748 36.2247 30.1248C36.1997 33.6248 33.4497 36.4748 29.9997 36.5748Z\" stroke=\"currentcolor\" stroke-width=\"3\" stroke-linecap=\"round\" stroke-linejoin=\"round\"\/>\r\n                                            <path d=\"M22.7248 44.4494C19.1998 46.7994 19.1998 50.6494 22.7248 52.9994C26.7248 55.6744 33.2748 55.6744 37.2748 52.9994C40.7998 50.6494 40.7998 46.7994 37.2748 44.4494C33.2998 41.7994 26.7248 41.7994 22.7248 44.4494Z\" stroke=\"currentcolor\" stroke-width=\"3\" stroke-linecap=\"round\" stroke-linejoin=\"round\"\/>\r\n                                        <\/svg>\r\n                                    <\/div>\r\n                                    <div class=\"counter-content\">\r\n                                        <h2 class=\"count\">150+<\/h2>\r\n                                        <p>Expert Teams<\/p>\r\n                                    <\/div>\r\n                                <\/div>\r\n                            <\/div>\r\n\r\n\r\n                        <\/div>\r\n                    <\/div>\r\n                <\/section>\r\n                <!-- counter-area-end -->\r\n\r\n            <\/div>\r\n            <!-- area-bg-end -->\r\n\r\n\r\n        \r\n\r\n\t\t\t\t\t<\/div>\n\t\t\t\t<\/div>\n\t\t\t\t<\/div>\n\t\t\t\t<\/div>\n\t\t","protected":false},"excerpt":{"rendered":"<p>CARRERAS Posiciones actualmente disponibles en Troy Dualam Inc. Troy Dualam Inc. actualmente no tiene ninguna posici\u00f3n vacante disponible. Publicaremos vacantes a medida que est\u00e9n disponibles en nuestro sitio web. Para obtener m\u00e1s informaci\u00f3n, ll\u00e1menos al 613-345-1306 o env\u00ede un correo electr\u00f3nico a rachad@troydualam.com CARRERAS NUESTRAS OPORTUNIDADES LABORALES Gerente de Desarrollo de Negocios 1500+ Satisfied Clients [&hellip;]<\/p>\n","protected":false},"author":3,"featured_media":0,"parent":0,"menu_order":0,"comment_status":"closed","ping_status":"closed","template":"","meta":{"footnotes":""},"class_list":["post-3225","page","type-page","status-publish","hentry"],"_links":{"self":[{"href":"https:\/\/troydualam.com\/es\/wp-json\/wp\/v2\/pages\/3225","targetHints":{"allow":["GET"]}}],"collection":[{"href":"https:\/\/troydualam.com\/es\/wp-json\/wp\/v2\/pages"}],"about":[{"href":"https:\/\/troydualam.com\/es\/wp-json\/wp\/v2\/types\/page"}],"author":[{"embeddable":true,"href":"https:\/\/troydualam.com\/es\/wp-json\/wp\/v2\/users\/3"}],"replies":[{"embeddable":true,"href":"https:\/\/troydualam.com\/es\/wp-json\/wp\/v2\/comments?post=3225"}],"version-history":[{"count":7,"href":"https:\/\/troydualam.com\/es\/wp-json\/wp\/v2\/pages\/3225\/revisions"}],"predecessor-version":[{"id":3621,"href":"https:\/\/troydualam.com\/es\/wp-json\/wp\/v2\/pages\/3225\/revisions\/3621"}],"wp:attachment":[{"href":"https:\/\/troydualam.com\/es\/wp-json\/wp\/v2\/media?parent=3225"}],"curies":[{"name":"wp","href":"https:\/\/api.w.org\/{rel}","templated":true}]}}