{"id":3183,"date":"2024-07-25T11:56:01","date_gmt":"2024-07-25T15:56:01","guid":{"rendered":"https:\/\/troydualam.bluehat.hosting\/history\/"},"modified":"2024-09-12T09:43:27","modified_gmt":"2024-09-12T13:43:27","slug":"history","status":"publish","type":"page","link":"https:\/\/troydualam.com\/es\/history\/","title":{"rendered":"La historia de Troya Dualam"},"content":{"rendered":"\t\t<div data-elementor-type=\"wp-page\" data-elementor-id=\"3183\" class=\"elementor elementor-3183 elementor-2245\" data-elementor-post-type=\"page\">\n\t\t\t\t<div class=\"elementor-element elementor-element-47fbe57 e-flex e-con-boxed e-con e-parent\" data-id=\"47fbe57\" data-element_type=\"container\">\n\t\t\t\t\t<div class=\"e-con-inner\">\n\t\t<div class=\"elementor-element elementor-element-6a571a9 e-flex e-con-boxed e-con e-child\" data-id=\"6a571a9\" data-element_type=\"container\">\n\t\t\t\t\t<div class=\"e-con-inner\">\n\t\t\t\t<div class=\"elementor-element elementor-element-d4cea33 elementor-widget elementor-widget-heading\" data-id=\"d4cea33\" data-element_type=\"widget\" data-widget_type=\"heading.default\">\n\t\t\t\t<div class=\"elementor-widget-container\">\n\t\t\t\t\t<h5 class=\"elementor-heading-title elementor-size-default\">Nuestra historia<\/h5>\t\t\t\t<\/div>\n\t\t\t\t<\/div>\n\t\t\t\t<div class=\"elementor-element elementor-element-ca01e03 elementor-widget elementor-widget-heading\" data-id=\"ca01e03\" data-element_type=\"widget\" data-widget_type=\"heading.default\">\n\t\t\t\t<div class=\"elementor-widget-container\">\n\t\t\t\t\t<h2 class=\"elementor-heading-title elementor-size-default\">La historia de Troya Dualam<\/h2>\t\t\t\t<\/div>\n\t\t\t\t<\/div>\n\t\t\t\t<div class=\"elementor-element elementor-element-5006429 elementor-widget-divider--view-line elementor-widget elementor-widget-divider\" data-id=\"5006429\" data-element_type=\"widget\" data-widget_type=\"divider.default\">\n\t\t\t\t<div class=\"elementor-widget-container\">\n\t\t\t\t\t\t\t<div class=\"elementor-divider\">\n\t\t\t<span class=\"elementor-divider-separator\">\n\t\t\t\t\t\t<\/span>\n\t\t<\/div>\n\t\t\t\t\t\t<\/div>\n\t\t\t\t<\/div>\n\t\t\t\t<div class=\"elementor-element elementor-element-44f1b03 elementor-tabs-view-horizontal elementor-widget elementor-widget-tabs\" data-id=\"44f1b03\" data-element_type=\"widget\" data-widget_type=\"tabs.default\">\n\t\t\t\t<div class=\"elementor-widget-container\">\n\t\t\t\t\t\t\t<div class=\"elementor-tabs\">\n\t\t\t<div class=\"elementor-tabs-wrapper\" role=\"tablist\" >\n\t\t\t\t\t\t\t\t\t<div id=\"elementor-tab-title-7221\" class=\"elementor-tab-title elementor-tab-desktop-title\" aria-selected=\"true\" data-tab=\"1\" role=\"tab\" tabindex=\"0\" aria-controls=\"elementor-tab-content-7221\" aria-expanded=\"false\">Fundado<\/div>\n\t\t\t\t\t\t\t\t\t<div id=\"elementor-tab-title-7222\" class=\"elementor-tab-title elementor-tab-desktop-title\" aria-selected=\"false\" data-tab=\"2\" role=\"tab\" tabindex=\"-1\" aria-controls=\"elementor-tab-content-7222\" aria-expanded=\"false\">Expandido<\/div>\n\t\t\t\t\t\t\t\t\t<div id=\"elementor-tab-title-7223\" class=\"elementor-tab-title elementor-tab-desktop-title\" aria-selected=\"false\" data-tab=\"3\" role=\"tab\" tabindex=\"-1\" aria-controls=\"elementor-tab-content-7223\" aria-expanded=\"false\">Establecido<\/div>\n\t\t\t\t\t\t\t<\/div>\n\t\t\t<div class=\"elementor-tabs-content-wrapper\" role=\"tablist\" aria-orientation=\"vertical\">\n\t\t\t\t\t\t\t\t\t<div class=\"elementor-tab-title elementor-tab-mobile-title\" aria-selected=\"true\" data-tab=\"1\" role=\"tab\" tabindex=\"0\" aria-controls=\"elementor-tab-content-7221\" aria-expanded=\"false\">Fundado<\/div>\n\t\t\t\t\t<div id=\"elementor-tab-content-7221\" class=\"elementor-tab-content elementor-clearfix\" data-tab=\"1\" role=\"tabpanel\" aria-labelledby=\"elementor-tab-title-7221\" tabindex=\"0\" hidden=\"false\"><p>CPF Dualam fue fundada en 1956 por John Kidd como Canadian Plastics Fabricators, y luego se convirti\u00f3 en CPF Plastics y CPF Dualam en la d\u00e9cada de 1970. La empresa fue adquirida en 1990 por Dualam Plastics, dirigida por Paul Habib.<\/p><p>Dualam fue una de las primeras empresas en fabricar tuber\u00edas y recipientes de proceso combinando termopl\u00e1sticos y resinas termoestables reforzadas con fibra de vidrio. Se convirti\u00f3 en el est\u00e1ndar de tecnolog\u00eda y calidad para clientes prestigiosos como Dow Chemical, Olin Chemical, PPG y muchos m\u00e1s procesadores qu\u00edmicos, particularmente en la industria del cloro \u00e1lcali. A medida que m\u00e1s y m\u00e1s empresas reconoc\u00edan los beneficios de los termopl\u00e1sticos como PVC, PP, CPVC, PVDF, ECTFE, FEP, PFA, MFA en servicios qu\u00edmicos severos, la demanda de laminados duales de calidad creci\u00f3 de manera constante.<\/p><\/div>\n\t\t\t\t\t\t\t\t\t<div class=\"elementor-tab-title elementor-tab-mobile-title\" aria-selected=\"false\" data-tab=\"2\" role=\"tab\" tabindex=\"-1\" aria-controls=\"elementor-tab-content-7222\" aria-expanded=\"false\">Expandido<\/div>\n\t\t\t\t\t<div id=\"elementor-tab-content-7222\" class=\"elementor-tab-content elementor-clearfix\" data-tab=\"2\" role=\"tabpanel\" aria-labelledby=\"elementor-tab-title-7222\" tabindex=\"0\" hidden=\"hidden\"><p>La empresa se expandi\u00f3 r\u00e1pidamente entre 2003 y 2010 al adquirir Troy Manufacturing en Brockville, Ontario y Prolite Plastics, que se convirti\u00f3 en CPF Dualam Vancouver.<\/p><\/div>\n\t\t\t\t\t\t\t\t\t<div class=\"elementor-tab-title elementor-tab-mobile-title\" aria-selected=\"false\" data-tab=\"3\" role=\"tab\" tabindex=\"-1\" aria-controls=\"elementor-tab-content-7223\" aria-expanded=\"false\">Establecido<\/div>\n\t\t\t\t\t<div id=\"elementor-tab-content-7223\" class=\"elementor-tab-content elementor-clearfix\" data-tab=\"3\" role=\"tabpanel\" aria-labelledby=\"elementor-tab-title-7223\" tabindex=\"0\" hidden=\"hidden\"><p>Troy Manufacturing fue fundada por Tom Roy en 1981 y suministra tuber\u00edas de FRP y equipos de proceso de calidad a una amplia gama de procesadores qu\u00edmicos de alta gama. Ian Trower dirigi\u00f3 la operaci\u00f3n hasta 2015. Ian es un ingeniero qu\u00edmico graduado con amplia experiencia en FRP.<\/p><\/div>\n\t\t\t\t\t\t\t<\/div>\n\t\t<\/div>\n\t\t\t\t\t\t<\/div>\n\t\t\t\t<\/div>\n\t\t\t\t\t<\/div>\n\t\t\t\t<\/div>\n\t\t<div class=\"elementor-element elementor-element-b911071 e-flex e-con-boxed e-con e-child\" data-id=\"b911071\" data-element_type=\"container\">\n\t\t\t\t\t<div class=\"e-con-inner\">\n\t\t\t\t<div class=\"elementor-element elementor-element-098dd8b elementor-widget elementor-widget-image\" data-id=\"098dd8b\" data-element_type=\"widget\" data-widget_type=\"image.default\">\n\t\t\t\t<div class=\"elementor-widget-container\">\n\t\t\t\t\t\t\t\t\t\t\t\t\t\t\t<img fetchpriority=\"high\" decoding=\"async\" width=\"1008\" height=\"998\" src=\"https:\/\/troydualam.com\/wp-content\/uploads\/2024\/07\/history.png\" class=\"attachment-full size-full wp-image-3609\" alt=\"history\" srcset=\"https:\/\/troydualam.com\/wp-content\/uploads\/2024\/07\/history.png 1008w, https:\/\/troydualam.com\/wp-content\/uploads\/2024\/07\/history-300x297.png 300w, https:\/\/troydualam.com\/wp-content\/uploads\/2024\/07\/history-150x150.png 150w, https:\/\/troydualam.com\/wp-content\/uploads\/2024\/07\/history-768x760.png 768w, https:\/\/troydualam.com\/wp-content\/uploads\/2024\/07\/history-96x96.png 96w\" sizes=\"(max-width: 1008px) 100vw, 1008px\" \/>\t\t\t\t\t\t\t\t\t\t\t\t\t\t\t<\/div>\n\t\t\t\t<\/div>\n\t\t\t\t\t<\/div>\n\t\t\t\t<\/div>\n\t\t\t\t\t<\/div>\n\t\t\t\t<\/div>\n\t\t<div class=\"elementor-element elementor-element-75e85bd e-con-full e-flex e-con e-parent\" data-id=\"75e85bd\" data-element_type=\"container\">\n\t\t<div class=\"elementor-element elementor-element-d2f5d74 e-con-full e-flex e-con e-child\" data-id=\"d2f5d74\" data-element_type=\"container\">\n\t\t\t\t<div class=\"elementor-element elementor-element-1fc76d4 elementor-widget elementor-widget-theme-faq-onee\" data-id=\"1fc76d4\" data-element_type=\"widget\" data-widget_type=\"theme-faq-onee.default\">\n\t\t\t\t<div class=\"elementor-widget-container\">\n\t\t\t\t\t\r\n\r\n        <!-- faq-area -->\r\n        <section class=\"faq-area fix\" data-animation=\"animationContainer\">\r\n            <div class=\"container\">\r\n                <div class=\"row align-items-center\">\r\n                    <div class=\"col-lg-6 order-0 order-lg-2\">\r\n                        <div class=\"faq-img\">\r\n                            <img decoding=\"async\" src=\"https:\/\/troydualam.com\/wp-content\/uploads\/2024\/07\/faq.png\" alt=\"\" class=\"wow bounceInDown\" data-wow-delay=\".3s\">\r\n                            <div class=\"faq-shape wow zoomIn\" data-wow-delay=\".6s\"><\/div>\r\n                        <\/div>\r\n                    <\/div>\r\n                    <div class=\"col-lg-6\">\r\n                        <div class=\"faq-content\">\r\n                            <div class=\"section-title title-style-two mb-30\">\r\n                                <span class=\"sub-title\">NUESTRAS CARACTER\u00cdSTICAS PRINCIPALES<\/span>\r\n                                <h2 class=\"title\" data-splitting=\"chars\" data-animation=\"innerAnimated\">Prolite Plastics y CPF Dualam Vancouver<\/h2>\r\n                            <\/div>\r\n\r\n                            <p>Prolite Plastics y CPF Dualam Vancouver fueron operadas por GuyleMcCuaig, un l\u00edder reconocido de la industria en dise\u00f1o y especificaciones de tuber\u00edas.\n\nA pesar de su r\u00e1pido crecimiento, el Grupo Dualam mantuvo su compromiso con equipos compuestos de ingenier\u00eda de calidad y entregas a tiempo. El Grupo ampli\u00f3 su oferta de productos a la industria energ\u00e9tica (desulfuraci\u00f3n de gases de combusti\u00f3n), miner\u00eda, refinaci\u00f3n de metales, pulpa y papel, semiconductores, productos farmac\u00e9uticos y otras industrias que necesitan equipos resistentes a la corrosi\u00f3n.\n<br> <br>\nEl Grupo Dualam se vendi\u00f3 en 2010 a ZCL Composites, una empresa p\u00fablica con importantes actividades en equipos de manipulaci\u00f3n de fluidos y petr\u00f3leo FRP, con sede en Edmonton, Alberta.<\/p>\r\n\r\n                            <div class=\"faq-wrap\">\r\n                                <div class=\"accordion\" id=\"accordionExample\">\r\n\r\n\r\n                                    \r\n                                    \r\n                                    <div class=\"accordion-item\">\r\n                                        <h2 class=\"accordion-header\">\r\n                                            <button class=\"accordion-button collapsed\" type=\"button\" data-bs-toggle=\"collapse\" data-bs-target=\"#collapsetoggle-item-100\" aria-expanded=\"true\" aria-controls=\"collapseOne\">\r\n                                                En 2016                                            <\/button>\r\n                                        <\/h2>\r\n                                        <div id=\"collapsetoggle-item-100\" class=\"accordion-collapse collapse\" data-bs-parent=\"#accordionExample\">\r\n                                            <div class=\"accordion-body\">\r\n                                                <p>ZCL sali\u00f3 del mercado de la corrosi\u00f3n y vendi\u00f3 los activos de CPF Dualam, Montreal y Troy Manufacturing a Troy Dualam Inc., dirigida por Paul Habib.\n<br><br>\nUna vez m\u00e1s, la empresa est\u00e1 preparada para un crecimiento significativo, ofreciendo equipos de FRP compuesto de ingenier\u00eda y doble laminado de calidad, respetando la tradici\u00f3n de m\u00e1s de 50 a\u00f1os establecida por sus padres fundadores. Paul Habib, Ian Trower y Guyle McCuaig est\u00e1n uniendo sus esfuerzos para ofrecer a los clientes una experiencia sin precedentes para abordar sus desaf\u00edos particulares de corrosi\u00f3n.<\/p>\r\n                                            <\/div>\r\n                                        <\/div>\r\n                                    <\/div>\r\n\r\n                                     \r\n\r\n\r\n\r\n                                <\/div>\r\n                            <\/div>\r\n                        <\/div>\r\n                    <\/div>\r\n                <\/div>\r\n            <\/div>\r\n        <\/section>\r\n        <!-- faq-area-end -->\r\n\r\n\r\n\r\n\r\n\t\t\t\t\t<\/div>\n\t\t\t\t<\/div>\n\t\t\t\t<\/div>\n\t\t\t\t<\/div>\n\t\t\t\t<\/div>\n\t\t","protected":false},"excerpt":{"rendered":"<p>Nuestra historia La historia de Troya Dualam Fundado Expandido Establecido Fundado CPF Dualam fue fundada en 1956 por John Kidd como Canadian Plastics Fabricators, y luego se convirti\u00f3 en CPF Plastics y CPF Dualam en la d\u00e9cada de 1970. La empresa fue adquirida en 1990 por Dualam Plastics, dirigida por Paul Habib. Dualam fue una [&hellip;]<\/p>\n","protected":false},"author":3,"featured_media":0,"parent":0,"menu_order":0,"comment_status":"closed","ping_status":"closed","template":"","meta":{"footnotes":""},"class_list":["post-3183","page","type-page","status-publish","hentry"],"_links":{"self":[{"href":"https:\/\/troydualam.com\/es\/wp-json\/wp\/v2\/pages\/3183","targetHints":{"allow":["GET"]}}],"collection":[{"href":"https:\/\/troydualam.com\/es\/wp-json\/wp\/v2\/pages"}],"about":[{"href":"https:\/\/troydualam.com\/es\/wp-json\/wp\/v2\/types\/page"}],"author":[{"embeddable":true,"href":"https:\/\/troydualam.com\/es\/wp-json\/wp\/v2\/users\/3"}],"replies":[{"embeddable":true,"href":"https:\/\/troydualam.com\/es\/wp-json\/wp\/v2\/comments?post=3183"}],"version-history":[{"count":4,"href":"https:\/\/troydualam.com\/es\/wp-json\/wp\/v2\/pages\/3183\/revisions"}],"predecessor-version":[{"id":3614,"href":"https:\/\/troydualam.com\/es\/wp-json\/wp\/v2\/pages\/3183\/revisions\/3614"}],"wp:attachment":[{"href":"https:\/\/troydualam.com\/es\/wp-json\/wp\/v2\/media?parent=3183"}],"curies":[{"name":"wp","href":"https:\/\/api.w.org\/{rel}","templated":true}]}}